{"id":2863,"date":"2023-05-24T12:45:25","date_gmt":"2023-05-24T12:45:25","guid":{"rendered":"https:\/\/newsmediadirectories.com\/es\/?page_id=2863"},"modified":"2024-06-04T12:35:20","modified_gmt":"2024-06-04T12:35:20","slug":"politica-de-privacidad","status":"publish","type":"page","link":"https:\/\/newsmediadirectories.com\/es\/politica-de-privacidad\/","title":{"rendered":"Pol\u00edtica de privacidad"},"content":{"rendered":"<div id=\"tdi_1\" class=\"tdc-zone\"><div class=\"tdc_zone tdi_2  wpb_row td-pb-row\"  >\n<style scoped>\n\/* custom css - generated by TagDiv Composer *\/\n\n\/* custom css - generated by TagDiv Composer *\/\n\/* custom css - generated by TagDiv Composer *\/\n.tdi_2{\r\n                    min-height: 0;\r\n                }\n<\/style><div id=\"tdi_3\" class=\"tdc-row\"><div class=\"vc_row tdi_4  wpb_row td-pb-row\" >\n<style scoped>\n\/* custom css - generated by TagDiv Composer *\/\n\n\/* custom css - generated by TagDiv Composer *\/\n\/* custom css - generated by TagDiv Composer *\/\n.tdi_4,\r\n                .tdi_4 .tdc-columns{\r\n                    min-height: 0;\r\n                }.tdi_4,\r\n\t\t\t\t.tdi_4 .tdc-columns{\r\n\t\t\t\t    display: block;\r\n\t\t\t\t}.tdi_4 .tdc-columns{\r\n\t\t\t\t    width: 100%;\r\n\t\t\t\t}\n<\/style><div class=\"vc_column tdi_6  wpb_column vc_column_container tdc-column td-pb-span12\">\n<style scoped>\n\/* custom css - generated by TagDiv Composer *\/\n\n\/* custom css - generated by TagDiv Composer *\/\n\/* custom css - generated by TagDiv Composer *\/\n.tdi_6{\r\n                    vertical-align: baseline;\r\n                }.tdi_6 > .wpb_wrapper,\r\n\t\t\t\t.tdi_6 > .wpb_wrapper > .tdc-elements{\r\n\t\t\t\t    display: block;\r\n\t\t\t\t}.tdi_6 > .wpb_wrapper > .tdc-elements{\r\n\t\t\t\t    width: 100%;\r\n\t\t\t\t}.tdi_6 > .wpb_wrapper > .vc_row_inner{\r\n\t\t\t\t    width: auto;\r\n\t\t\t\t}.tdi_6 > .wpb_wrapper{\r\n\t\t\t\t    width: auto;\r\n\t\t\t\t    height: auto;\r\n\t\t\t\t}\n<\/style><div class=\"wpb_wrapper\" ><div class=\"wpb_wrapper wpb_text_column td_block_wrap td_block_wrap vc_column_text tdi_7  tagdiv-type td-pb-border-top td_block_template_1\"  data-td-block-uid=\"tdi_7\" >\n<style>\n\/* custom css - generated by TagDiv Composer *\/\n\/* custom css - generated by TagDiv Composer *\/\n\n<\/style><div class=\"td-block-title-wrap\"><\/div><div class=\"td-fix-index\"><p>En NewsMediaDirectories, valoramos su privacidad y nos comprometemos a proteger su informaci\u00f3n personal. Esta Pol\u00edtica de Privacidad describe c\u00f3mo recopilamos, usamos, compartimos y protegemos su informaci\u00f3n cuando visita nuestro portal de noticias internacional, <a href=\"http:\/\/www.newsmediadirectories.com\/\" target=\"_new\" rel=\"noreferrer noopener\">www.newsmediadirectories.com<\/a> (el \u00abSitio\u00bb).<\/p>\n<h4>1. Informaci\u00f3n que Recopilamos<\/h4>\n<p><strong>Informaci\u00f3n Personal:<\/strong><\/p>\n<ul>\n<li>Nombre, direcci\u00f3n de correo electr\u00f3nico, n\u00famero de tel\u00e9fono y cualquier otra informaci\u00f3n que usted proporcione voluntariamente cuando se suscribe a nuestro bolet\u00edn, crea una cuenta o se comunica con nosotros.<\/li>\n<\/ul>\n<p><strong>Informaci\u00f3n de Navegaci\u00f3n:<\/strong><\/p>\n<ul>\n<li>Datos sobre su visita al Sitio, incluyendo direcci\u00f3n IP, tipo de navegador, p\u00e1ginas vistas, tiempo de permanencia y enlaces en los que hace clic.<\/li>\n<\/ul>\n<p><strong>Cookies y Tecnolog\u00edas Similares:<\/strong><\/p>\n<ul>\n<li>Utilizamos cookies y tecnolog\u00edas similares para mejorar su experiencia en el Sitio, personalizar contenido y anuncios, y analizar nuestro tr\u00e1fico.<\/li>\n<\/ul>\n<h4>2. Uso de su Informaci\u00f3n<\/h4>\n<p>Utilizamos la informaci\u00f3n recopilada para:<\/p>\n<ul>\n<li>Proveer y mejorar nuestros servicios.<\/li>\n<li>Personalizar su experiencia en el Sitio.<\/li>\n<li>Enviar boletines, actualizaciones y promociones (con su consentimiento).<\/li>\n<li>Responder a sus comentarios, preguntas y solicitudes.<\/li>\n<li>Cumplir con nuestras obligaciones legales y proteger nuestros derechos.<\/li>\n<\/ul>\n<h4>3. Compartir su Informaci\u00f3n<\/h4>\n<p>No vendemos, intercambiamos ni transferimos a terceros su informaci\u00f3n personal sin su consentimiento, excepto en los siguientes casos:<\/p>\n<ul>\n<li>Con proveedores de servicios que nos ayudan a operar el Sitio y proporcionar nuestros servicios, bajo estrictas obligaciones de confidencialidad.<\/li>\n<li>Para cumplir con la ley, responder a una citaci\u00f3n o proteger los derechos, propiedad o seguridad de NewsMediaDirectories, nuestros usuarios u otros.<\/li>\n<li>En caso de una fusi\u00f3n, adquisici\u00f3n o venta de activos, su informaci\u00f3n podr\u00eda ser transferida como parte del negocio.<\/li>\n<\/ul>\n<h4>4. Seguridad de la Informaci\u00f3n<\/h4>\n<p>Implementamos medidas de seguridad razonables para proteger su informaci\u00f3n personal contra accesos no autorizados, alteraciones, divulgaciones o destrucci\u00f3n. Sin embargo, ninguna transmisi\u00f3n de datos por Internet o almacenamiento electr\u00f3nico es completamente segura, por lo que no podemos garantizar su seguridad absoluta.<\/p>\n<h4>5. Sus Derechos<\/h4>\n<p>Usted tiene el derecho de:<\/p>\n<ul>\n<li>Acceder, rectificar o eliminar su informaci\u00f3n personal.<\/li>\n<li>Optar por no recibir comunicaciones de marketing.<\/li>\n<li>Restringir u objetar el procesamiento de su informaci\u00f3n personal en ciertas circunstancias.<\/li>\n<li>Presentar una queja ante una autoridad de protecci\u00f3n de datos competente.<\/li>\n<\/ul>\n<p>Para ejercer estos derechos, por favor cont\u00e1ctenos a trav\u00e9s de los medios indicados en la secci\u00f3n \u00abCont\u00e1ctenos\u00bb.<\/p>\n<h4>6. Retenci\u00f3n de Datos<\/h4>\n<p>Conservamos su informaci\u00f3n personal solo durante el tiempo necesario para cumplir con los fines para los que fue recopilada, incluyendo cumplir con requisitos legales, contables o de informes.<\/p>\n<h4>7. Cambios a esta Pol\u00edtica de Privacidad<\/h4>\n<p>Podemos actualizar esta Pol\u00edtica de Privacidad de vez en cuando. Publicaremos cualquier cambio en esta p\u00e1gina y actualizaremos la fecha de \u00ab\u00daltima actualizaci\u00f3n\u00bb en la parte superior de la pol\u00edtica. Le recomendamos revisar esta pol\u00edtica peri\u00f3dicamente para mantenerse informado sobre c\u00f3mo protegemos su informaci\u00f3n.<\/p>\n<\/div><\/div><\/div><\/div><\/div><\/div><div id=\"tdi_8\" class=\"tdc-row\"><div class=\"vc_row tdi_9  wpb_row td-pb-row\" >\n<style scoped>\n\/* custom css - generated by TagDiv Composer *\/\n\n\/* custom css - generated by TagDiv Composer *\/\n\/* custom css - generated by TagDiv Composer *\/\n.tdi_9,\r\n                .tdi_9 .tdc-columns{\r\n                    min-height: 0;\r\n                }.tdi_9,\r\n\t\t\t\t.tdi_9 .tdc-columns{\r\n\t\t\t\t    display: block;\r\n\t\t\t\t}.tdi_9 .tdc-columns{\r\n\t\t\t\t    width: 100%;\r\n\t\t\t\t}\n<\/style><div class=\"vc_column tdi_11  wpb_column vc_column_container tdc-column td-pb-span12\">\n<style scoped>\n\/* custom css - generated by TagDiv Composer *\/\n\n\/* custom css - generated by TagDiv Composer *\/\n\/* custom css - generated by TagDiv Composer *\/\n.tdi_11{\r\n                    vertical-align: baseline;\r\n                }.tdi_11 > .wpb_wrapper,\r\n\t\t\t\t.tdi_11 > .wpb_wrapper > .tdc-elements{\r\n\t\t\t\t    display: block;\r\n\t\t\t\t}.tdi_11 > .wpb_wrapper > .tdc-elements{\r\n\t\t\t\t    width: 100%;\r\n\t\t\t\t}.tdi_11 > .wpb_wrapper > .vc_row_inner{\r\n\t\t\t\t    width: auto;\r\n\t\t\t\t}.tdi_11 > .wpb_wrapper{\r\n\t\t\t\t    width: auto;\r\n\t\t\t\t    height: auto;\r\n\t\t\t\t}\n<\/style><div class=\"wpb_wrapper\" ><\/div><\/div><\/div><\/div><div id=\"tdi_12\" class=\"tdc-row\"><div class=\"vc_row tdi_13  wpb_row td-pb-row\" >\n<style scoped>\n\/* custom css - generated by TagDiv Composer *\/\n\n\/* custom css - generated by TagDiv Composer *\/\n\/* custom css - generated by TagDiv Composer *\/\n.tdi_13,\r\n                .tdi_13 .tdc-columns{\r\n                    min-height: 0;\r\n                }.tdi_13,\r\n\t\t\t\t.tdi_13 .tdc-columns{\r\n\t\t\t\t    display: block;\r\n\t\t\t\t}.tdi_13 .tdc-columns{\r\n\t\t\t\t    width: 100%;\r\n\t\t\t\t}\n<\/style><div class=\"vc_column tdi_15  wpb_column vc_column_container tdc-column td-pb-span12\">\n<style scoped>\n\/* custom css - generated by TagDiv Composer *\/\n\n\/* custom css - generated by TagDiv Composer *\/\n\/* custom css - generated by TagDiv Composer *\/\n.tdi_15{\r\n                    vertical-align: baseline;\r\n                }.tdi_15 > .wpb_wrapper,\r\n\t\t\t\t.tdi_15 > .wpb_wrapper > .tdc-elements{\r\n\t\t\t\t    display: block;\r\n\t\t\t\t}.tdi_15 > .wpb_wrapper > .tdc-elements{\r\n\t\t\t\t    width: 100%;\r\n\t\t\t\t}.tdi_15 > .wpb_wrapper > .vc_row_inner{\r\n\t\t\t\t    width: auto;\r\n\t\t\t\t}.tdi_15 > .wpb_wrapper{\r\n\t\t\t\t    width: auto;\r\n\t\t\t\t    height: auto;\r\n\t\t\t\t}\n<\/style><div class=\"wpb_wrapper\" ><\/div><\/div><\/div><\/div><\/div><\/div>","protected":false},"excerpt":{"rendered":"","protected":false},"author":1,"featured_media":0,"parent":0,"menu_order":0,"comment_status":"closed","ping_status":"closed","template":"","meta":{"inline_featured_image":false,"footnotes":""},"wf_page_folders":[],"class_list":["post-2863","page","type-page","status-publish"],"yoast_head":"<!-- This site is optimized with the Yoast SEO plugin v24.1 - https:\/\/yoast.com\/wordpress\/plugins\/seo\/ -->\n<title>Pol\u00edtica de privacidad | News Media Directories - Noticias Online<\/title>\n<meta name=\"robots\" content=\"index, follow, max-snippet:-1, max-image-preview:large, max-video-preview:-1\" \/>\n<link rel=\"canonical\" href=\"https:\/\/newsmediadirectories.com\/es\/politica-de-privacidad\/\" \/>\n<meta property=\"og:locale\" content=\"es_ES\" \/>\n<meta property=\"og:type\" content=\"article\" \/>\n<meta property=\"og:title\" content=\"Pol\u00edtica de privacidad | News Media Directories - Noticias Online\" \/>\n<meta property=\"og:url\" content=\"https:\/\/newsmediadirectories.com\/es\/politica-de-privacidad\/\" \/>\n<meta property=\"og:site_name\" content=\"News Media Directories - Noticias Online\" \/>\n<meta property=\"article:modified_time\" content=\"2024-06-04T12:35:20+00:00\" \/>\n<meta name=\"twitter:card\" content=\"summary_large_image\" \/>\n<meta name=\"twitter:label1\" content=\"Tiempo de lectura\" \/>\n\t<meta name=\"twitter:data1\" content=\"4 minutos\" \/>\n<script type=\"application\/ld+json\" class=\"yoast-schema-graph\">{\"@context\":\"https:\/\/schema.org\",\"@graph\":[{\"@type\":\"WebPage\",\"@id\":\"https:\/\/newsmediadirectories.com\/es\/politica-de-privacidad\/\",\"url\":\"https:\/\/newsmediadirectories.com\/es\/politica-de-privacidad\/\",\"name\":\"Pol\u00edtica de privacidad | News Media Directories - Noticias Online\",\"isPartOf\":{\"@id\":\"https:\/\/newsmediadirectories.com\/es\/#website\"},\"datePublished\":\"2023-05-24T12:45:25+00:00\",\"dateModified\":\"2024-06-04T12:35:20+00:00\",\"inLanguage\":\"es\",\"potentialAction\":[{\"@type\":\"ReadAction\",\"target\":[\"https:\/\/newsmediadirectories.com\/es\/politica-de-privacidad\/\"]}]},{\"@type\":\"WebSite\",\"@id\":\"https:\/\/newsmediadirectories.com\/es\/#website\",\"url\":\"https:\/\/newsmediadirectories.com\/es\/\",\"name\":\"News Media Directories - Noticias Online\",\"description\":\"News Media Directories - Noticias Online\",\"potentialAction\":[{\"@type\":\"SearchAction\",\"target\":{\"@type\":\"EntryPoint\",\"urlTemplate\":\"https:\/\/newsmediadirectories.com\/es\/?s={search_term_string}\"},\"query-input\":{\"@type\":\"PropertyValueSpecification\",\"valueRequired\":true,\"valueName\":\"search_term_string\"}}],\"inLanguage\":\"es\"}]}<\/script>\n<!-- \/ Yoast SEO plugin. -->","yoast_head_json":{"title":"Pol\u00edtica de privacidad | News Media Directories - Noticias Online","robots":{"index":"index","follow":"follow","max-snippet":"max-snippet:-1","max-image-preview":"max-image-preview:large","max-video-preview":"max-video-preview:-1"},"canonical":"https:\/\/newsmediadirectories.com\/es\/politica-de-privacidad\/","og_locale":"es_ES","og_type":"article","og_title":"Pol\u00edtica de privacidad | News Media Directories - Noticias Online","og_url":"https:\/\/newsmediadirectories.com\/es\/politica-de-privacidad\/","og_site_name":"News Media Directories - Noticias Online","article_modified_time":"2024-06-04T12:35:20+00:00","twitter_card":"summary_large_image","twitter_misc":{"Tiempo de lectura":"4 minutos"},"schema":{"@context":"https:\/\/schema.org","@graph":[{"@type":"WebPage","@id":"https:\/\/newsmediadirectories.com\/es\/politica-de-privacidad\/","url":"https:\/\/newsmediadirectories.com\/es\/politica-de-privacidad\/","name":"Pol\u00edtica de privacidad | News Media Directories - Noticias Online","isPartOf":{"@id":"https:\/\/newsmediadirectories.com\/es\/#website"},"datePublished":"2023-05-24T12:45:25+00:00","dateModified":"2024-06-04T12:35:20+00:00","inLanguage":"es","potentialAction":[{"@type":"ReadAction","target":["https:\/\/newsmediadirectories.com\/es\/politica-de-privacidad\/"]}]},{"@type":"WebSite","@id":"https:\/\/newsmediadirectories.com\/es\/#website","url":"https:\/\/newsmediadirectories.com\/es\/","name":"News Media Directories - Noticias Online","description":"News Media Directories - Noticias Online","potentialAction":[{"@type":"SearchAction","target":{"@type":"EntryPoint","urlTemplate":"https:\/\/newsmediadirectories.com\/es\/?s={search_term_string}"},"query-input":{"@type":"PropertyValueSpecification","valueRequired":true,"valueName":"search_term_string"}}],"inLanguage":"es"}]}},"_links":{"self":[{"href":"https:\/\/newsmediadirectories.com\/es\/wp-json\/wp\/v2\/pages\/2863"}],"collection":[{"href":"https:\/\/newsmediadirectories.com\/es\/wp-json\/wp\/v2\/pages"}],"about":[{"href":"https:\/\/newsmediadirectories.com\/es\/wp-json\/wp\/v2\/types\/page"}],"author":[{"embeddable":true,"href":"https:\/\/newsmediadirectories.com\/es\/wp-json\/wp\/v2\/users\/1"}],"replies":[{"embeddable":true,"href":"https:\/\/newsmediadirectories.com\/es\/wp-json\/wp\/v2\/comments?post=2863"}],"version-history":[{"count":4,"href":"https:\/\/newsmediadirectories.com\/es\/wp-json\/wp\/v2\/pages\/2863\/revisions"}],"predecessor-version":[{"id":7585,"href":"https:\/\/newsmediadirectories.com\/es\/wp-json\/wp\/v2\/pages\/2863\/revisions\/7585"}],"wp:attachment":[{"href":"https:\/\/newsmediadirectories.com\/es\/wp-json\/wp\/v2\/media?parent=2863"}],"wp:term":[{"taxonomy":"wf_page_folders","embeddable":true,"href":"https:\/\/newsmediadirectories.com\/es\/wp-json\/wp\/v2\/wf_page_folders?post=2863"}],"curies":[{"name":"wp","href":"https:\/\/api.w.org\/{rel}","templated":true}]}}